{"id":8584,"date":"2024-10-02T12:56:43","date_gmt":"2024-10-02T09:56:43","guid":{"rendered":"https:\/\/suleozdemir.com\/?page_id=8584"},"modified":"2026-03-25T11:22:44","modified_gmt":"2026-03-25T08:22:44","slug":"legal-consultancy","status":"publish","type":"page","link":"https:\/\/suleozdemir.com\/en\/legal-consultancy\/","title":{"rendered":"Legal Consultancy"},"content":{"rendered":"","protected":false},"excerpt":{"rendered":"","protected":false},"author":1,"featured_media":8770,"parent":0,"menu_order":0,"comment_status":"closed","ping_status":"closed","template":"","meta":{"footnotes":""},"class_list":["post-8584","page","type-page","status-publish","has-post-thumbnail","hentry"],"yoast_head":"<!-- This site is optimized with the Yoast SEO plugin v26.0 - https:\/\/yoast.com\/wordpress\/plugins\/seo\/ -->\n<title>What is Legal Consultancy, Bahar \u015eule \u00d6ZDEM\u0130R Law Firm<\/title>\n<meta name=\"description\" content=\"What is Legal Consultancy? Click to get information in the field of Legal Consultancy and benefit from our services.\" \/>\n<meta name=\"robots\" content=\"index, follow, max-snippet:-1, max-image-preview:large, max-video-preview:-1\" \/>\n<link rel=\"canonical\" href=\"https:\/\/suleozdemir.com\/en\/legal-consultancy\/\" \/>\n<meta property=\"og:locale\" content=\"tr_TR\" \/>\n<meta property=\"og:type\" content=\"article\" \/>\n<meta property=\"og:title\" content=\"What is Legal Consultancy, Bahar \u015eule \u00d6ZDEM\u0130R Law Firm\" \/>\n<meta property=\"og:description\" content=\"What is Legal Consultancy? Click to get information in the field of Legal Consultancy and benefit from our services.\" \/>\n<meta property=\"og:url\" content=\"https:\/\/suleozdemir.com\/en\/legal-consultancy\/\" \/>\n<meta property=\"article:modified_time\" content=\"2026-03-25T08:22:44+00:00\" \/>\n<meta property=\"og:image\" content=\"https:\/\/suleozdemir.com\/en\/wp-content\/uploads\/2024\/11\/sule-hanim-logo-en-dik.png\" \/>\n\t<meta property=\"og:image:width\" content=\"865\" \/>\n\t<meta property=\"og:image:height\" content=\"923\" \/>\n\t<meta property=\"og:image:type\" content=\"image\/png\" \/>\n<meta name=\"twitter:card\" content=\"summary_large_image\" \/>\n<meta name=\"twitter:label1\" content=\"Tahmini okuma s\u00fcresi\" \/>\n\t<meta name=\"twitter:data1\" content=\"9 dakika\" \/>\n<script type=\"application\/ld+json\" class=\"yoast-schema-graph\">{\"@context\":\"https:\/\/schema.org\",\"@graph\":[{\"@type\":\"WebPage\",\"@id\":\"https:\/\/suleozdemir.com\/en\/legal-consultancy\/\",\"url\":\"https:\/\/suleozdemir.com\/en\/legal-consultancy\/\",\"name\":\"What is Legal Consultancy, Bahar \u015eule \u00d6ZDEM\u0130R Law Firm\",\"isPartOf\":{\"@id\":\"https:\/\/suleozdemir.com\/en\/#website\"},\"primaryImageOfPage\":{\"@id\":\"https:\/\/suleozdemir.com\/en\/legal-consultancy\/#primaryimage\"},\"image\":{\"@id\":\"https:\/\/suleozdemir.com\/en\/legal-consultancy\/#primaryimage\"},\"thumbnailUrl\":\"https:\/\/suleozdemir.com\/en\/wp-content\/uploads\/2024\/11\/sule-hanim-logo-en-dik.png\",\"datePublished\":\"2024-10-02T09:56:43+00:00\",\"dateModified\":\"2026-03-25T08:22:44+00:00\",\"description\":\"What is Legal Consultancy? Click to get information in the field of Legal Consultancy and benefit from our services.\",\"breadcrumb\":{\"@id\":\"https:\/\/suleozdemir.com\/en\/legal-consultancy\/#breadcrumb\"},\"inLanguage\":\"tr\",\"potentialAction\":[{\"@type\":\"ReadAction\",\"target\":[\"https:\/\/suleozdemir.com\/en\/legal-consultancy\/\"]}]},{\"@type\":\"ImageObject\",\"inLanguage\":\"tr\",\"@id\":\"https:\/\/suleozdemir.com\/en\/legal-consultancy\/#primaryimage\",\"url\":\"https:\/\/suleozdemir.com\/en\/wp-content\/uploads\/2024\/11\/sule-hanim-logo-en-dik.png\",\"contentUrl\":\"https:\/\/suleozdemir.com\/en\/wp-content\/uploads\/2024\/11\/sule-hanim-logo-en-dik.png\",\"width\":865,\"height\":923,\"caption\":\"Bahar \u015eule \u00d6zdemir\"},{\"@type\":\"BreadcrumbList\",\"@id\":\"https:\/\/suleozdemir.com\/en\/legal-consultancy\/#breadcrumb\",\"itemListElement\":[{\"@type\":\"ListItem\",\"position\":1,\"name\":\"Anasayfa\",\"item\":\"https:\/\/suleozdemir.com\/en\/\"},{\"@type\":\"ListItem\",\"position\":2,\"name\":\"Legal Consultancy\"}]},{\"@type\":\"WebSite\",\"@id\":\"https:\/\/suleozdemir.com\/en\/#website\",\"url\":\"https:\/\/suleozdemir.com\/en\/\",\"name\":\"\",\"description\":\"\",\"publisher\":{\"@id\":\"https:\/\/suleozdemir.com\/en\/#\/schema\/person\/2107927e26dd5d37327497f8012f25cf\"},\"potentialAction\":[{\"@type\":\"SearchAction\",\"target\":{\"@type\":\"EntryPoint\",\"urlTemplate\":\"https:\/\/suleozdemir.com\/en\/?s={search_term_string}\"},\"query-input\":{\"@type\":\"PropertyValueSpecification\",\"valueRequired\":true,\"valueName\":\"search_term_string\"}}],\"inLanguage\":\"tr\"},{\"@type\":[\"Person\",\"Organization\"],\"@id\":\"https:\/\/suleozdemir.com\/en\/#\/schema\/person\/2107927e26dd5d37327497f8012f25cf\",\"name\":\"Bahar \u015eule \u00d6ZDEM\u0130R\",\"image\":{\"@type\":\"ImageObject\",\"inLanguage\":\"tr\",\"@id\":\"https:\/\/suleozdemir.com\/en\/#\/schema\/person\/image\/\",\"url\":\"https:\/\/suleozdemir.com\/wp-content\/uploads\/2024\/08\/bahar-sule-dikey-logo.png\",\"contentUrl\":\"https:\/\/suleozdemir.com\/wp-content\/uploads\/2024\/08\/bahar-sule-dikey-logo.png\",\"width\":900,\"height\":900,\"caption\":\"Bahar \u015eule \u00d6ZDEM\u0130R\"},\"logo\":{\"@id\":\"https:\/\/suleozdemir.com\/en\/#\/schema\/person\/image\/\"},\"sameAs\":[\"http:\/\/suleozdemir.com\"]}]}<\/script>\n<!-- \/ Yoast SEO plugin. -->","yoast_head_json":{"title":"What is Legal Consultancy, Bahar \u015eule \u00d6ZDEM\u0130R Law Firm","description":"What is Legal Consultancy? Click to get information in the field of Legal Consultancy and benefit from our services.","robots":{"index":"index","follow":"follow","max-snippet":"max-snippet:-1","max-image-preview":"max-image-preview:large","max-video-preview":"max-video-preview:-1"},"canonical":"https:\/\/suleozdemir.com\/en\/legal-consultancy\/","og_locale":"tr_TR","og_type":"article","og_title":"What is Legal Consultancy, Bahar \u015eule \u00d6ZDEM\u0130R Law Firm","og_description":"What is Legal Consultancy? Click to get information in the field of Legal Consultancy and benefit from our services.","og_url":"https:\/\/suleozdemir.com\/en\/legal-consultancy\/","article_modified_time":"2026-03-25T08:22:44+00:00","og_image":[{"width":865,"height":923,"url":"https:\/\/suleozdemir.com\/en\/wp-content\/uploads\/2024\/11\/sule-hanim-logo-en-dik.png","type":"image\/png"}],"twitter_card":"summary_large_image","twitter_misc":{"Tahmini okuma s\u00fcresi":"9 dakika"},"schema":{"@context":"https:\/\/schema.org","@graph":[{"@type":"WebPage","@id":"https:\/\/suleozdemir.com\/en\/legal-consultancy\/","url":"https:\/\/suleozdemir.com\/en\/legal-consultancy\/","name":"What is Legal Consultancy, Bahar \u015eule \u00d6ZDEM\u0130R Law Firm","isPartOf":{"@id":"https:\/\/suleozdemir.com\/en\/#website"},"primaryImageOfPage":{"@id":"https:\/\/suleozdemir.com\/en\/legal-consultancy\/#primaryimage"},"image":{"@id":"https:\/\/suleozdemir.com\/en\/legal-consultancy\/#primaryimage"},"thumbnailUrl":"https:\/\/suleozdemir.com\/en\/wp-content\/uploads\/2024\/11\/sule-hanim-logo-en-dik.png","datePublished":"2024-10-02T09:56:43+00:00","dateModified":"2026-03-25T08:22:44+00:00","description":"What is Legal Consultancy? Click to get information in the field of Legal Consultancy and benefit from our services.","breadcrumb":{"@id":"https:\/\/suleozdemir.com\/en\/legal-consultancy\/#breadcrumb"},"inLanguage":"tr","potentialAction":[{"@type":"ReadAction","target":["https:\/\/suleozdemir.com\/en\/legal-consultancy\/"]}]},{"@type":"ImageObject","inLanguage":"tr","@id":"https:\/\/suleozdemir.com\/en\/legal-consultancy\/#primaryimage","url":"https:\/\/suleozdemir.com\/en\/wp-content\/uploads\/2024\/11\/sule-hanim-logo-en-dik.png","contentUrl":"https:\/\/suleozdemir.com\/en\/wp-content\/uploads\/2024\/11\/sule-hanim-logo-en-dik.png","width":865,"height":923,"caption":"Bahar \u015eule \u00d6zdemir"},{"@type":"BreadcrumbList","@id":"https:\/\/suleozdemir.com\/en\/legal-consultancy\/#breadcrumb","itemListElement":[{"@type":"ListItem","position":1,"name":"Anasayfa","item":"https:\/\/suleozdemir.com\/en\/"},{"@type":"ListItem","position":2,"name":"Legal Consultancy"}]},{"@type":"WebSite","@id":"https:\/\/suleozdemir.com\/en\/#website","url":"https:\/\/suleozdemir.com\/en\/","name":"","description":"","publisher":{"@id":"https:\/\/suleozdemir.com\/en\/#\/schema\/person\/2107927e26dd5d37327497f8012f25cf"},"potentialAction":[{"@type":"SearchAction","target":{"@type":"EntryPoint","urlTemplate":"https:\/\/suleozdemir.com\/en\/?s={search_term_string}"},"query-input":{"@type":"PropertyValueSpecification","valueRequired":true,"valueName":"search_term_string"}}],"inLanguage":"tr"},{"@type":["Person","Organization"],"@id":"https:\/\/suleozdemir.com\/en\/#\/schema\/person\/2107927e26dd5d37327497f8012f25cf","name":"Bahar \u015eule \u00d6ZDEM\u0130R","image":{"@type":"ImageObject","inLanguage":"tr","@id":"https:\/\/suleozdemir.com\/en\/#\/schema\/person\/image\/","url":"https:\/\/suleozdemir.com\/wp-content\/uploads\/2024\/08\/bahar-sule-dikey-logo.png","contentUrl":"https:\/\/suleozdemir.com\/wp-content\/uploads\/2024\/08\/bahar-sule-dikey-logo.png","width":900,"height":900,"caption":"Bahar \u015eule \u00d6ZDEM\u0130R"},"logo":{"@id":"https:\/\/suleozdemir.com\/en\/#\/schema\/person\/image\/"},"sameAs":["http:\/\/suleozdemir.com"]}]}},"_links":{"self":[{"href":"https:\/\/suleozdemir.com\/en\/wp-json\/wp\/v2\/pages\/8584","targetHints":{"allow":["GET"]}}],"collection":[{"href":"https:\/\/suleozdemir.com\/en\/wp-json\/wp\/v2\/pages"}],"about":[{"href":"https:\/\/suleozdemir.com\/en\/wp-json\/wp\/v2\/types\/page"}],"author":[{"embeddable":true,"href":"https:\/\/suleozdemir.com\/en\/wp-json\/wp\/v2\/users\/1"}],"replies":[{"embeddable":true,"href":"https:\/\/suleozdemir.com\/en\/wp-json\/wp\/v2\/comments?post=8584"}],"version-history":[{"count":5,"href":"https:\/\/suleozdemir.com\/en\/wp-json\/wp\/v2\/pages\/8584\/revisions"}],"predecessor-version":[{"id":8959,"href":"https:\/\/suleozdemir.com\/en\/wp-json\/wp\/v2\/pages\/8584\/revisions\/8959"}],"wp:featuredmedia":[{"embeddable":true,"href":"https:\/\/suleozdemir.com\/en\/wp-json\/wp\/v2\/media\/8770"}],"wp:attachment":[{"href":"https:\/\/suleozdemir.com\/en\/wp-json\/wp\/v2\/media?parent=8584"}],"curies":[{"name":"wp","href":"https:\/\/api.w.org\/{rel}","templated":true}]}}